{"id":1254,"date":"2021-01-26T16:08:14","date_gmt":"2021-01-26T15:08:14","guid":{"rendered":"https:\/\/startupbutler.ch\/valiant\/ablauf\/"},"modified":"2021-01-26T16:08:15","modified_gmt":"2021-01-26T15:08:15","slug":"ablauf","status":"publish","type":"page","link":"https:\/\/startupbutler.ch\/fr\/valiant\/ablauf\/","title":{"rendered":"Ablauf"},"content":{"rendered":"<p>[et_pb_section fb_built=\u00a0\u00bb1&Prime; admin_label=\u00a0\u00bbStartupButler Header\u00a0\u00bb _builder_version=\u00a0\u00bb4.4.8&Prime; background_color=\u00a0\u00bb#f3f3f3&Prime; collapsed=\u00a0\u00bbon\u00a0\u00bb][et_pb_row column_structure=\u00a0\u00bb3_5,2_5&Prime; _builder_version=\u00a0\u00bb4.4.8&Prime; custom_padding=\u00a0\u00bb15px||15px||false|false\u00a0\u00bb][et_pb_column type=\u00a0\u00bb3_5&Prime; _builder_version=\u00a0\u00bb4.4.8&Prime;][et_pb_text admin_label=\u00a0\u00bbProfessionell. Preiswert. Transparent.\u00a0\u00bb _builder_version=\u00a0\u00bb4.4.8&Prime; text_font=\u00a0\u00bbNumans|700|||||||\u00a0\u00bb text_text_color=\u00a0\u00bb#004350&Prime; text_font_size=\u00a0\u00bb1.5em\u00a0\u00bb custom_margin=\u00a0\u00bb20px||||false|false\u00a0\u00bb]<\/p>\n<p>Professionnel. Economique. Transparent.<\/p>\n<p>[\/et_pb_text][\/et_pb_column][et_pb_column type=\u00a0\u00bb2_5&Prime; _builder_version=\u00a0\u00bb4.4.8&Prime;][et_pb_image src=\u00a0\u00bbhttps:\/\/startupbutler.ch\/wp-content\/uploads\/2020\/06\/StartupButler_586x100.png\u00a0\u00bb title_text=\u00a0\u00bbStartupButler_586x100&Prime; admin_label=\u00a0\u00bbLogo StartupButler\u00a0\u00bb _builder_version=\u00a0\u00bb4.4.8&Prime; module_alignment=\u00a0\u00bbright\u00a0\u00bb max_height=\u00a0\u00bb60px\u00a0\u00bb][\/et_pb_image][\/et_pb_column][\/et_pb_row][\/et_pb_section][et_pb_section fb_built=\u00a0\u00bb1&Prime; admin_label=\u00a0\u00bbNavigation Valiant\u00a0\u00bb _builder_version=\u00a0\u00bb4.4.8&Prime; border_width_bottom=\u00a0\u00bb1px\u00a0\u00bb border_color_bottom=\u00a0\u00bb#004350&Prime; global_module=\u00a0\u00bb1016&Prime; saved_tabs=\u00a0\u00bball\u00a0\u00bb][et_pb_row column_structure=\u00a0\u00bb3_4,1_4&Prime; _builder_version=\u00a0\u00bb4.4.8&Prime;][et_pb_column type=\u00a0\u00bb3_4&Prime; _builder_version=\u00a0\u00bb4.4.8&Prime;][et_pb_menu menu_id=\u00a0\u00bb21&Prime; active_link_color=\u00a0\u00bb#fa003b\u00a0\u00bb logo_max_height=\u00a0\u00bb50px\u00a0\u00bb admin_label=\u00a0\u00bbMenu Valiant\u00a0\u00bb _builder_version=\u00a0\u00bb4.4.8&Prime; menu_font=\u00a0\u00bb|600|||||||\u00a0\u00bb menu_text_color=\u00a0\u00bb#fa003b\u00a0\u00bb menu_font_size=\u00a0\u00bb1.4em\u00a0\u00bb custom_margin=\u00a0\u00bb25px||20px||false|false\u00a0\u00bb hover_enabled=\u00a0\u00bb0&Prime;][\/et_pb_menu][\/et_pb_column][et_pb_column type=\u00a0\u00bb1_4&Prime; _builder_version=\u00a0\u00bb4.4.8&Prime;][et_pb_text disabled_on=\u00a0\u00bboff|off|off\u00a0\u00bb admin_label=\u00a0\u00bbIn Kooperation mit\u00a0\u00bb _builder_version=\u00a0\u00bb4.4.8&Prime; text_font_size=\u00a0\u00bb1.2em\u00a0\u00bb text_line_height=\u00a0\u00bb1em\u00a0\u00bb module_alignment=\u00a0\u00bbleft\u00a0\u00bb custom_margin=\u00a0\u00bb5px||5px||false|false\u00a0\u00bb custom_padding=\u00a0\u00bb5px||5px||false|false\u00a0\u00bb]<span style=\"margin-bottom: 0px !important;\">en partenariat avec<\/span>[\/et_pb_text][et_pb_image src=\u00a0\u00bbhttps:\/\/startupbutler.ch\/wp-content\/uploads\/2020\/12\/valiant-8.png\u00a0\u00bb title_text=\u00a0\u00bbvaliant-8&Prime; url=\u00a0\u00bbhttps:\/\/www.valiant.ch\/entreprises\u00a0\u00bb url_new_window=\u00a0\u00bbon\u00a0\u00bb show_bottom_space=\u00a0\u00bboff\u00a0\u00bb admin_label=\u00a0\u00bbLogo Valiant\u00a0\u00bb _builder_version=\u00a0\u00bb4.4.8&Prime; custom_margin=\u00a0\u00bb||10px||false|false\u00a0\u00bb hover_enabled=\u00a0\u00bb0&Prime;][\/et_pb_image][\/et_pb_column][\/et_pb_row][\/et_pb_section][et_pb_section fb_built=\u00a0\u00bb1&Prime; _builder_version=\u00a0\u00bb4.4.1&Prime; collapsed=\u00a0\u00bboff\u00a0\u00bb][et_pb_row column_structure=\u00a0\u00bb1_6,1_6,1_6,1_6,1_6,1_6&Prime; use_custom_gutter=\u00a0\u00bbon\u00a0\u00bb gutter_width=\u00a0\u00bb1&Prime; make_equal=\u00a0\u00bbon\u00a0\u00bb _builder_version=\u00a0\u00bb4.4.1&Prime; width=\u00a0\u00bb100%\u00a0\u00bb module_alignment=\u00a0\u00bbcenter\u00a0\u00bb][et_pb_column type=\u00a0\u00bb1_6&Prime; _builder_version=\u00a0\u00bb4.4.1&Prime;][et_pb_blurb title=\u00a0\u00bbPr\u00e9paration\u00a0\u00bb image=\u00a0\u00bbhttps:\/\/startupbutler.ch\/wp-content\/uploads\/2020\/06\/0-Business-idea.png\u00a0\u00bb image_max_width=\u00a0\u00bb60%\u00a0\u00bb admin_label=\u00a0\u00bbVorbereitung\u00a0\u00bb _builder_version=\u00a0\u00bb4.4.5&Prime; header_font=\u00a0\u00bb|600|||||||\u00a0\u00bb header_text_color=\u00a0\u00bb#004350&Prime; use_background_color_gradient=\u00a0\u00bbon\u00a0\u00bb background_color_gradient_start=\u00a0\u00bb#c7c7c9&Prime; background_color_gradient_end=\u00a0\u00bbrgba(0,0,0,0)\u00a0\u00bb background_color_gradient_type=\u00a0\u00bbradial\u00a0\u00bb background_color_gradient_start_position=\u00a0\u00bb45%\u00a0\u00bb background_color_gradient_end_position=\u00a0\u00bb45%\u00a0\u00bb background_image=\u00a0\u00bbhttps:\/\/startupbutler.ch\/wp-content\/uploads\/2020\/06\/step_0.png\u00a0\u00bb background_size=\u00a0\u00bbinitial\u00a0\u00bb background_position=\u00a0\u00bbtop_left\u00a0\u00bb background_blend=\u00a0\u00bbcolor-dodge\u00a0\u00bb text_orientation=\u00a0\u00bbcenter\u00a0\u00bb module_alignment=\u00a0\u00bbcenter\u00a0\u00bb min_height=\u00a0\u00bb216px\u00a0\u00bb animation=\u00a0\u00bboff\u00a0\u00bb link_option_url=\u00a0\u00bb#ablauf-vorbereitung\u00a0\u00bb custom_css_blurb_image=\u00a0\u00bbmargin-bottom: 15px;||margin-top: 55px;||padding-top: 15px;\u00a0\u00bb][\/et_pb_blurb][\/et_pb_column][et_pb_column type=\u00a0\u00bb1_6&Prime; _builder_version=\u00a0\u00bb4.4.1&Prime;][et_pb_blurb title=\u00a0\u00bbentrer des donn\u00e9es\u00a0\u00bb image=\u00a0\u00bbhttps:\/\/startupbutler.ch\/wp-content\/uploads\/2020\/06\/2-Online-Form.png\u00a0\u00bb image_max_width=\u00a0\u00bb60%\u00a0\u00bb admin_label=\u00a0\u00bbDaten erfassen\u00a0\u00bb _builder_version=\u00a0\u00bb4.4.5&Prime; header_font=\u00a0\u00bb|600|||||||\u00a0\u00bb header_text_color=\u00a0\u00bb#004350&Prime; use_background_color_gradient=\u00a0\u00bbon\u00a0\u00bb background_color_gradient_start=\u00a0\u00bb#c7c7c9&Prime; background_color_gradient_end=\u00a0\u00bbrgba(0,0,0,0)\u00a0\u00bb background_color_gradient_type=\u00a0\u00bbradial\u00a0\u00bb background_color_gradient_start_position=\u00a0\u00bb45%\u00a0\u00bb background_color_gradient_end_position=\u00a0\u00bb45%\u00a0\u00bb background_image=\u00a0\u00bbhttps:\/\/startupbutler.ch\/wp-content\/uploads\/2020\/06\/step_1.png\u00a0\u00bb background_size=\u00a0\u00bbinitial\u00a0\u00bb background_position=\u00a0\u00bbtop_left\u00a0\u00bb background_blend=\u00a0\u00bbcolor-dodge\u00a0\u00bb text_orientation=\u00a0\u00bbcenter\u00a0\u00bb module_alignment=\u00a0\u00bbcenter\u00a0\u00bb min_height=\u00a0\u00bb216px\u00a0\u00bb animation=\u00a0\u00bboff\u00a0\u00bb link_option_url=\u00a0\u00bb#ablauf-datenerfassung\u00a0\u00bb custom_css_blurb_image=\u00a0\u00bbmargin-bottom: 15px;||margin-top: 55px;||padding-top: 15px;\u00a0\u00bb][\/et_pb_blurb][\/et_pb_column][et_pb_column type=\u00a0\u00bb1_6&Prime; _builder_version=\u00a0\u00bb4.4.1&Prime;][et_pb_blurb title=\u00a0\u00bbDiscussion\u00a0\u00bb image=\u00a0\u00bbhttps:\/\/startupbutler.ch\/wp-content\/uploads\/2020\/06\/3-Discuss-Foundation.png\u00a0\u00bb image_max_width=\u00a0\u00bb60%\u00a0\u00bb admin_label=\u00a0\u00bbBesprechung\u00a0\u00bb _builder_version=\u00a0\u00bb4.4.5&Prime; header_font=\u00a0\u00bb|600|||||||\u00a0\u00bb header_text_color=\u00a0\u00bb#004350&Prime; use_background_color_gradient=\u00a0\u00bbon\u00a0\u00bb background_color_gradient_start=\u00a0\u00bb#c7c7c9&Prime; background_color_gradient_end=\u00a0\u00bbrgba(0,0,0,0)\u00a0\u00bb background_color_gradient_type=\u00a0\u00bbradial\u00a0\u00bb background_color_gradient_start_position=\u00a0\u00bb45%\u00a0\u00bb background_color_gradient_end_position=\u00a0\u00bb45%\u00a0\u00bb background_image=\u00a0\u00bbhttps:\/\/startupbutler.ch\/wp-content\/uploads\/2020\/06\/step_2.png\u00a0\u00bb background_size=\u00a0\u00bbinitial\u00a0\u00bb background_position=\u00a0\u00bbtop_left\u00a0\u00bb background_blend=\u00a0\u00bbcolor-dodge\u00a0\u00bb text_orientation=\u00a0\u00bbcenter\u00a0\u00bb module_alignment=\u00a0\u00bbcenter\u00a0\u00bb min_height=\u00a0\u00bb216px\u00a0\u00bb animation=\u00a0\u00bboff\u00a0\u00bb link_option_url=\u00a0\u00bb#ablauf-dokumente\u00a0\u00bb custom_css_blurb_image=\u00a0\u00bbmargin-bottom: 15px;||margin-top: 55px;||padding-top: 15px;\u00a0\u00bb][\/et_pb_blurb][\/et_pb_column][et_pb_column type=\u00a0\u00bb1_6&Prime; _builder_version=\u00a0\u00bb4.4.1&Prime;][et_pb_blurb title=\u00a0\u00bbSignature des documents\u00a0\u00bb image=\u00a0\u00bbhttps:\/\/startupbutler.ch\/wp-content\/uploads\/2020\/06\/4-sign-documents.png\u00a0\u00bb image_max_width=\u00a0\u00bb60%\u00a0\u00bb admin_label=\u00a0\u00bbDokumente unterschreiben\u00a0\u00bb _builder_version=\u00a0\u00bb4.4.5&Prime; header_font=\u00a0\u00bb|600|||||||\u00a0\u00bb header_text_color=\u00a0\u00bb#004350&Prime; use_background_color_gradient=\u00a0\u00bbon\u00a0\u00bb background_color_gradient_start=\u00a0\u00bb#c7c7c9&Prime; background_color_gradient_end=\u00a0\u00bbrgba(0,0,0,0)\u00a0\u00bb background_color_gradient_type=\u00a0\u00bbradial\u00a0\u00bb background_color_gradient_start_position=\u00a0\u00bb45%\u00a0\u00bb background_color_gradient_end_position=\u00a0\u00bb45%\u00a0\u00bb background_image=\u00a0\u00bbhttps:\/\/startupbutler.ch\/wp-content\/uploads\/2020\/06\/step_3.png\u00a0\u00bb background_size=\u00a0\u00bbinitial\u00a0\u00bb background_position=\u00a0\u00bbtop_left\u00a0\u00bb background_blend=\u00a0\u00bbcolor-dodge\u00a0\u00bb text_orientation=\u00a0\u00bbcenter\u00a0\u00bb module_alignment=\u00a0\u00bbcenter\u00a0\u00bb min_height=\u00a0\u00bb216px\u00a0\u00bb animation=\u00a0\u00bboff\u00a0\u00bb link_option_url=\u00a0\u00bb#ablauf-unterschreiben\u00a0\u00bb custom_css_blurb_image=\u00a0\u00bbmargin-bottom: 15px;||margin-top: 55px;||padding-top: 15px;\u00a0\u00bb][\/et_pb_blurb][\/et_pb_column][et_pb_column type=\u00a0\u00bb1_6&Prime; _builder_version=\u00a0\u00bb4.4.1&Prime;][et_pb_blurb title=\u00a0\u00bbAuthentification notariale (pour S\u00e0rl et SA)\u00a0\u00bb image=\u00a0\u00bbhttps:\/\/startupbutler.ch\/wp-content\/uploads\/2020\/06\/5-notary.png\u00a0\u00bb image_max_width=\u00a0\u00bb60%\u00a0\u00bb admin_label=\u00a0\u00bbNotar\u00a0\u00bb _builder_version=\u00a0\u00bb4.4.5&Prime; header_font=\u00a0\u00bb|600|||||||\u00a0\u00bb header_text_color=\u00a0\u00bb#004350&Prime; use_background_color_gradient=\u00a0\u00bbon\u00a0\u00bb background_color_gradient_start=\u00a0\u00bb#c7c7c9&Prime; background_color_gradient_end=\u00a0\u00bbrgba(0,0,0,0)\u00a0\u00bb background_color_gradient_type=\u00a0\u00bbradial\u00a0\u00bb background_color_gradient_start_position=\u00a0\u00bb45%\u00a0\u00bb background_color_gradient_end_position=\u00a0\u00bb45%\u00a0\u00bb background_image=\u00a0\u00bbhttps:\/\/startupbutler.ch\/wp-content\/uploads\/2020\/06\/step_4.png\u00a0\u00bb background_size=\u00a0\u00bbinitial\u00a0\u00bb background_position=\u00a0\u00bbtop_left\u00a0\u00bb background_blend=\u00a0\u00bbcolor-dodge\u00a0\u00bb text_orientation=\u00a0\u00bbcenter\u00a0\u00bb module_alignment=\u00a0\u00bbcenter\u00a0\u00bb min_height=\u00a0\u00bb216px\u00a0\u00bb animation=\u00a0\u00bboff\u00a0\u00bb link_option_url=\u00a0\u00bb#ablauf-notar\u00a0\u00bb custom_css_blurb_image=\u00a0\u00bbmargin-bottom: 15px;||margin-top: 55px;||padding-top: 15px;\u00a0\u00bb][\/et_pb_blurb][\/et_pb_column][et_pb_column type=\u00a0\u00bb1_6&Prime; _builder_version=\u00a0\u00bb4.4.1&Prime;][et_pb_blurb title=\u00a0\u00bbInscription au registre du commerce\u00a0\u00bb image=\u00a0\u00bbhttps:\/\/startupbutler.ch\/wp-content\/uploads\/2020\/06\/6-commercial-register.png\u00a0\u00bb image_max_width=\u00a0\u00bb60%\u00a0\u00bb admin_label=\u00a0\u00bbHandelsregister\u00a0\u00bb _builder_version=\u00a0\u00bb4.4.5&Prime; header_font=\u00a0\u00bb|600|||||||\u00a0\u00bb header_text_color=\u00a0\u00bb#004350&Prime; use_background_color_gradient=\u00a0\u00bbon\u00a0\u00bb background_color_gradient_start=\u00a0\u00bb#c7c7c9&Prime; background_color_gradient_end=\u00a0\u00bbrgba(0,0,0,0)\u00a0\u00bb background_color_gradient_type=\u00a0\u00bbradial\u00a0\u00bb background_color_gradient_start_position=\u00a0\u00bb45%\u00a0\u00bb background_color_gradient_end_position=\u00a0\u00bb45%\u00a0\u00bb background_image=\u00a0\u00bbhttps:\/\/startupbutler.ch\/wp-content\/uploads\/2020\/06\/step_5.png\u00a0\u00bb background_size=\u00a0\u00bbinitial\u00a0\u00bb background_position=\u00a0\u00bbtop_left\u00a0\u00bb background_blend=\u00a0\u00bbcolor-dodge\u00a0\u00bb text_orientation=\u00a0\u00bbcenter\u00a0\u00bb module_alignment=\u00a0\u00bbcenter\u00a0\u00bb min_height=\u00a0\u00bb216px\u00a0\u00bb animation=\u00a0\u00bboff\u00a0\u00bb link_option_url=\u00a0\u00bb#ablauf-handelsregister\u00a0\u00bb custom_css_blurb_image=\u00a0\u00bbmargin-bottom: 15px;||margin-top: 55px;||padding-top: 15px;\u00a0\u00bb][\/et_pb_blurb][\/et_pb_column][\/et_pb_row][et_pb_row _builder_version=\u00a0\u00bb4.4.1&Prime;][et_pb_column type=\u00a0\u00bb4_4&Prime; _builder_version=\u00a0\u00bb4.4.1&Prime;][et_pb_divider show_divider=\u00a0\u00bboff\u00a0\u00bb _builder_version=\u00a0\u00bb4.4.1&Prime; custom_margin=\u00a0\u00bb20px||20px||false|false\u00a0\u00bb][\/et_pb_divider][et_pb_blurb title=\u00a0\u00bbAvant la fondation\u00a0\u00bb image=\u00a0\u00bbhttps:\/\/startupbutler.ch\/wp-content\/uploads\/2020\/06\/0-Business-idea.png\u00a0\u00bb icon_placement=\u00a0\u00bbleft\u00a0\u00bb content_max_width=\u00a0\u00bb900px\u00a0\u00bb disabled_on=\u00a0\u00bboff|off|off\u00a0\u00bb admin_label=\u00a0\u00bbvor der Gr\u00fcndung\u00a0\u00bb module_id=\u00a0\u00bbablauf-vorbereitung\u00a0\u00bb _builder_version=\u00a0\u00bb4.4.5&Prime; header_level=\u00a0\u00bbh3&Prime; header_font=\u00a0\u00bb|600|||||||\u00a0\u00bb header_text_color=\u00a0\u00bb#fa003b\u00a0\u00bb header_font_size=\u00a0\u00bb20px\u00a0\u00bb module_alignment=\u00a0\u00bbcenter\u00a0\u00bb custom_margin=\u00a0\u00bb||5%||false|false\u00a0\u00bb animation=\u00a0\u00bboff\u00a0\u00bb custom_css_blurb_image=\u00a0\u00bbwidth: 12.5%;||padding-right: 2.5%;\u00a0\u00bb]<\/p>\n<p>Avant la cr\u00e9ation, vous vous posez certainement des questions concernant la\u00a0<strong>bonne forme juridique<\/strong> \u00e0 donner \u00e0 votre id\u00e9e. Vous pouvez trouver des informations \u00e0 ce propos par exemple dans le comparatif des <a href=\"https:\/\/startupbutler.ch\/fr\/bcbe\/comparaison-des-formes-juridiques\/\">formes juridiques<\/a>\u00a0qui pr\u00e9sente de fa\u00e7on claire les avantages et les inconv\u00e9nients des diff\u00e9rentes formes juridiques.<\/p>\n<p>[\/et_pb_blurb][et_pb_blurb title=\u00a0\u00bb\u00c9tape 1: Calcul du devis et saisie des donn\u00e9es\u00a0\u00bb image=\u00a0\u00bbhttps:\/\/startupbutler.ch\/wp-content\/uploads\/2020\/06\/2-Online-Form.png\u00a0\u00bb icon_placement=\u00a0\u00bbleft\u00a0\u00bb content_max_width=\u00a0\u00bb900px\u00a0\u00bb disabled_on=\u00a0\u00bboff|off|off\u00a0\u00bb admin_label=\u00a0\u00bbGr\u00fcndung erfassen\u00a0\u00bb module_id=\u00a0\u00bbablauf-datenerfassung\u00a0\u00bb _builder_version=\u00a0\u00bb4.4.5&Prime; _dynamic_attributes=\u00a0\u00bblink_option_url\u00a0\u00bb header_level=\u00a0\u00bbh3&Prime; header_font=\u00a0\u00bb|600|||||||\u00a0\u00bb header_text_color=\u00a0\u00bb#fa003b\u00a0\u00bb header_font_size=\u00a0\u00bb20px\u00a0\u00bb module_alignment=\u00a0\u00bbcenter\u00a0\u00bb custom_margin=\u00a0\u00bb||5%||false|false\u00a0\u00bb animation=\u00a0\u00bboff\u00a0\u00bb link_option_url=\u00a0\u00bb@ET-DC@eyJkeW5hbWljIjp0cnVlLCJjb250ZW50IjoicG9zdF9saW5rX3VybF9wYWdlIiwic2V0dGluZ3MiOnsicG9zdF9pZCI6IjczIn19@\u00a0\u00bb custom_css_blurb_image=\u00a0\u00bbwidth: 12.5%;||padding-right: 2.5%;\u00a0\u00bb]<\/p>\n<p>Vous pouvez saisir en quelques \u00e9tapes les \u00e9l\u00e9ments principaux de votre entreprise, et nous mandater pour la cr\u00e9ation.<\/p>\n<p>[\/et_pb_blurb][et_pb_blurb title=\u00a0\u00bb\u00c9tape 2: Discussion et pr\u00e9paration des documents\u00a0\u00bb image=\u00a0\u00bbhttps:\/\/startupbutler.ch\/wp-content\/uploads\/2020\/06\/4-send-documents-by-email.png\u00a0\u00bb icon_placement=\u00a0\u00bbleft\u00a0\u00bb content_max_width=\u00a0\u00bb900px\u00a0\u00bb disabled_on=\u00a0\u00bboff|off|off\u00a0\u00bb admin_label=\u00a0\u00bbGr\u00fcndung besprechen und Dokumente erstellen\u00a0\u00bb module_id=\u00a0\u00bbablauf-dokumente\u00a0\u00bb _builder_version=\u00a0\u00bb4.4.5&Prime; header_level=\u00a0\u00bbh3&Prime; header_font=\u00a0\u00bb|600|||||||\u00a0\u00bb header_text_color=\u00a0\u00bb#fa003b\u00a0\u00bb header_font_size=\u00a0\u00bb20px\u00a0\u00bb module_alignment=\u00a0\u00bbcenter\u00a0\u00bb custom_margin=\u00a0\u00bb||5%||false|false\u00a0\u00bb animation=\u00a0\u00bboff\u00a0\u00bb custom_css_blurb_image=\u00a0\u00bbwidth: 12.5%;||padding-right: 2.5%;\u00a0\u00bb]<\/p>\n<p>Une fois que nous avons re\u00e7u votre commande, nous v\u00e9rifions les informations et nous mettons en contact avec vous\u00a0<strong>dans les 24 heures.<\/strong> Nous discutons avec vous des questions en suspens, et op\u00e9rons directement les adaptations si n\u00e9cessaire.<\/p>\n<p>Enfin, nous vous envoyons\u00a0<strong>tous les documents n\u00e9cessaires<\/strong> \u00e0 votre cr\u00e9ation d\u2019entreprise par e-mail, de fa\u00e7on rapide et simple.<\/p>\n<p>[\/et_pb_blurb][et_pb_blurb title=\u00a0\u00bb\u00c9tape 3: Signature des documents\u00a0\u00bb image=\u00a0\u00bbhttps:\/\/startupbutler.ch\/wp-content\/uploads\/2020\/06\/4-sign-documents.png\u00a0\u00bb icon_placement=\u00a0\u00bbleft\u00a0\u00bb content_max_width=\u00a0\u00bb900px\u00a0\u00bb disabled_on=\u00a0\u00bboff|off|off\u00a0\u00bb admin_label=\u00a0\u00bbDokumente unterschreiben\u00a0\u00bb module_id=\u00a0\u00bbablauf-unterschreiben\u00a0\u00bb _builder_version=\u00a0\u00bb4.4.5&Prime; header_level=\u00a0\u00bbh3&Prime; header_font=\u00a0\u00bb|600|||||||\u00a0\u00bb header_text_color=\u00a0\u00bb#fa003b\u00a0\u00bb header_font_size=\u00a0\u00bb20px\u00a0\u00bb module_alignment=\u00a0\u00bbcenter\u00a0\u00bb custom_margin=\u00a0\u00bb||5%||false|false\u00a0\u00bb animation=\u00a0\u00bboff\u00a0\u00bb custom_css_blurb_image=\u00a0\u00bbwidth: 12.5%;||padding-right: 2.5%;\u00a0\u00bb]<\/p>\n<p>Une fois que vous avez v\u00e9rifi\u00e9 tous les documents et vous \u00eates assur\u00e9 que ces derniers sont corrects, vous pouvez les imprimer et\u00a0<strong>les signer.<\/strong>\u00a0Toutes les personnes disposant du pouvoir de signature dans votre entreprise doit faire<strong>certifier sa signature<\/strong>. En fonction des cantons, vous pouvez le faire aupr\u00e8s de l\u2019<strong>administration communale<\/strong>\u00a0ou d\u2019un\u00a0<strong>notaire.<\/strong><\/p>\n<p>Vous nous renvoyez les documents sign\u00e9s ainsi que les signatures certifi\u00e9es et la confirmation de consignation du capital (en cas de SA ou de S\u00e0rl).<\/p>\n<p>[\/et_pb_blurb][et_pb_blurb title=\u00a0\u00bb\u00c9tape 4: Authentification notariale (pour S\u00e0rl et SA)\u00a0\u00bb image=\u00a0\u00bbhttps:\/\/startupbutler.ch\/wp-content\/uploads\/2020\/06\/5-notary.png\u00a0\u00bb icon_placement=\u00a0\u00bbleft\u00a0\u00bb content_max_width=\u00a0\u00bb900px\u00a0\u00bb disabled_on=\u00a0\u00bboff|off|off\u00a0\u00bb admin_label=\u00a0\u00bbNotar\u00a0\u00bb module_id=\u00a0\u00bbablauf-notar\u00a0\u00bb _builder_version=\u00a0\u00bb4.4.5&Prime; header_level=\u00a0\u00bbh3&Prime; header_font=\u00a0\u00bb|600|||||||\u00a0\u00bb header_text_color=\u00a0\u00bb#fa003b\u00a0\u00bb header_font_size=\u00a0\u00bb20px\u00a0\u00bb module_alignment=\u00a0\u00bbcenter\u00a0\u00bb custom_margin=\u00a0\u00bb||5%||false|false\u00a0\u00bb animation=\u00a0\u00bboff\u00a0\u00bb custom_css_blurb_image=\u00a0\u00bbwidth: 12.5%;||padding-right: 2.5%;\u00a0\u00bb]<\/p>\n<p>Si tous les documents et signatures n\u00e9cessaires sont disponibles, nous les transmettons \u00e0 notre notaire. Ce dernier effectue l\u2019<strong>acte authentique<\/strong>\u00a0ainsi que l\u2019<strong>acte fondateur<\/strong>\u00a0en tant que tel. Enfin, le notaire enregistre directement votre cr\u00e9ation d\u2019entreprise aupr\u00e8s de l\u2019office comp\u00e9tent pour l\u2019inscription au registre du commerce.<\/p>\n<p>Votre entreprise se trouve alors officiellement \u00ab<strong>en cr\u00e9ation<\/strong>\u00bb.<\/p>\n<p>[\/et_pb_blurb][et_pb_blurb title=\u00a0\u00bb\u00c9tape 5: Inscription au registre du commerce\u00a0\u00bb image=\u00a0\u00bbhttps:\/\/startupbutler.ch\/wp-content\/uploads\/2020\/06\/6-commercial-register.png\u00a0\u00bb icon_placement=\u00a0\u00bbleft\u00a0\u00bb content_max_width=\u00a0\u00bb900px\u00a0\u00bb disabled_on=\u00a0\u00bboff|off|off\u00a0\u00bb admin_label=\u00a0\u00bbHandelsregister\u00a0\u00bb module_id=\u00a0\u00bbablauf-handelsregister\u00a0\u00bb _builder_version=\u00a0\u00bb4.4.5&Prime; header_level=\u00a0\u00bbh3&Prime; header_font=\u00a0\u00bb|600|||||||\u00a0\u00bb header_text_color=\u00a0\u00bb#fa003b\u00a0\u00bb header_font_size=\u00a0\u00bb20px\u00a0\u00bb module_alignment=\u00a0\u00bbcenter\u00a0\u00bb custom_margin=\u00a0\u00bb||5%||false|false\u00a0\u00bb animation=\u00a0\u00bboff\u00a0\u00bb custom_css_blurb_image=\u00a0\u00bbwidth: 12.5%;||padding-right: 2.5%;\u00a0\u00bb]<\/p>\n<p>Une fois que les documents ont \u00e9t\u00e9 remis au registre du commerce, l\u2019inscription prend env.\u00a0<strong>entre 10 et 14 jours<\/strong>. Si l\u2019inscription est tr\u00e8s urgente, il est possible d\u2019acc\u00e9l\u00e9rer le processus aupr\u00e8s du registre du commerce et de demander un extrait du registre journalier. Cela entra\u00eene toutefois des frais suppl\u00e9mentaires de la part du registre du commerce.<\/p>\n<p>Ce n\u2019est qu\u2019une fois qu\u2019elle est enregistr\u00e9e au registre du commerce que l\u2019entreprise est officiellement cr\u00e9\u00e9e. Apr\u00e8s l\u2019enregistrement au registre du commerce, nous vous informons et vous recevez votre extrait certifi\u00e9 conforme du registre du commerce.<\/p>\n<p>[\/et_pb_blurb][\/et_pb_column][\/et_pb_row][\/et_pb_section][et_pb_section fb_built=\u00a0\u00bb1&Prime; admin_label=\u00a0\u00bbStartupButler Footer\u00a0\u00bb _builder_version=\u00a0\u00bb4.4.8&Prime; background_color=\u00a0\u00bb#f3f3f3&Prime; border_width_top=\u00a0\u00bb1px\u00a0\u00bb border_color_top=\u00a0\u00bb#004350&Prime;][et_pb_row column_structure=\u00a0\u00bb3_5,2_5&Prime; _builder_version=\u00a0\u00bb4.4.8&Prime; custom_padding=\u00a0\u00bb15px||15px||false|false\u00a0\u00bb][et_pb_column type=\u00a0\u00bb3_5&Prime; _builder_version=\u00a0\u00bb4.4.8&Prime;][et_pb_text admin_label=\u00a0\u00bbProfessionell. Preiswert. Transparent.\u00a0\u00bb _builder_version=\u00a0\u00bb4.4.8&Prime; text_font=\u00a0\u00bbNumans|700|||||||\u00a0\u00bb text_text_color=\u00a0\u00bb#004350&Prime; text_font_size=\u00a0\u00bb1.5em\u00a0\u00bb custom_margin=\u00a0\u00bb10px||0px||false|false\u00a0\u00bb]Professionnel. Economique. Transparent.[\/et_pb_text][et_pb_text admin_label=\u00a0\u00bbAGB DSB Impressum\u00a0\u00bb _builder_version=\u00a0\u00bb4.4.8&Prime; text_font=\u00a0\u00bb|600|||||||\u00a0\u00bb text_font_size=\u00a0\u00bb1.3rem\u00a0\u00bb]<a id=\"overlay_unique_id_1224\"style= \"font-size: 1.2rem; color: #777777; cursor: pointer;\">CGV<\/a> | <a id=\"overlay_unique_id_1231\"style= \"font-size: 1.2rem; color: #777777; cursor: pointer;\">Avis de confidentialit\u00e9<\/a> | <a id=\"overlay_unique_id_1232\"style= \"font-size: 1.2rem; color: #777777; cursor: pointer;\">Impressum<\/a> | <a href=\"javascript: Cookiebot.renew()\"style= \"font-size: 1.2rem; color: #777777; cursor: pointer;\">Cookie-Consent<\/a>[\/et_pb_text][\/et_pb_column][et_pb_column type=\u00a0\u00bb2_5&Prime; _builder_version=\u00a0\u00bb4.4.8&Prime;][et_pb_image src=\u00a0\u00bbhttps:\/\/startupbutler.ch\/wp-content\/uploads\/2020\/06\/StartupButler_586x100.png\u00a0\u00bb title_text=\u00a0\u00bbStartupButler_586x100&Prime; admin_label=\u00a0\u00bbLogo StartupButler\u00a0\u00bb _builder_version=\u00a0\u00bb4.4.8&Prime; module_alignment=\u00a0\u00bbright\u00a0\u00bb max_height=\u00a0\u00bb60px\u00a0\u00bb][\/et_pb_image][\/et_pb_column][\/et_pb_row][\/et_pb_section]<\/p>\n","protected":false},"excerpt":{"rendered":"<p>Professionnel. Economique. Transparent. en partenariat avecAvant la cr\u00e9ation, vous vous posez certainement des questions concernant la\u00a0bonne forme juridique \u00e0 donner \u00e0 votre id\u00e9e. Vous pouvez trouver des informations \u00e0 ce propos par exemple dans le comparatif des formes juridiques\u00a0qui pr\u00e9sente de fa\u00e7on claire les avantages et les inconv\u00e9nients des diff\u00e9rentes formes juridiques. Vous pouvez saisir [&hellip;]<\/p>\n","protected":false},"author":2,"featured_media":0,"parent":1247,"menu_order":0,"comment_status":"closed","ping_status":"closed","template":"page-template-blank.php","meta":{"_acf_changed":false,"_et_pb_use_builder":"on","_et_pb_old_content":"","_et_gb_content_width":"","footnotes":""},"class_list":["post-1254","page","type-page","status-publish","hentry"],"acf":[],"_links":{"self":[{"href":"https:\/\/startupbutler.ch\/fr\/wp-json\/wp\/v2\/pages\/1254","targetHints":{"allow":["GET"]}}],"collection":[{"href":"https:\/\/startupbutler.ch\/fr\/wp-json\/wp\/v2\/pages"}],"about":[{"href":"https:\/\/startupbutler.ch\/fr\/wp-json\/wp\/v2\/types\/page"}],"author":[{"embeddable":true,"href":"https:\/\/startupbutler.ch\/fr\/wp-json\/wp\/v2\/users\/2"}],"replies":[{"embeddable":true,"href":"https:\/\/startupbutler.ch\/fr\/wp-json\/wp\/v2\/comments?post=1254"}],"version-history":[{"count":1,"href":"https:\/\/startupbutler.ch\/fr\/wp-json\/wp\/v2\/pages\/1254\/revisions"}],"predecessor-version":[{"id":1255,"href":"https:\/\/startupbutler.ch\/fr\/wp-json\/wp\/v2\/pages\/1254\/revisions\/1255"}],"up":[{"embeddable":true,"href":"https:\/\/startupbutler.ch\/fr\/wp-json\/wp\/v2\/pages\/1247"}],"wp:attachment":[{"href":"https:\/\/startupbutler.ch\/fr\/wp-json\/wp\/v2\/media?parent=1254"}],"curies":[{"name":"wp","href":"https:\/\/api.w.org\/{rel}","templated":true}]}}