{"id":1269,"date":"2021-01-26T16:31:07","date_gmt":"2021-01-26T15:31:07","guid":{"rendered":"https:\/\/startupbutler.ch\/valiant\/les-formes-juridiques\/"},"modified":"2021-01-26T16:31:07","modified_gmt":"2021-01-26T15:31:07","slug":"les-formes-juridiques","status":"publish","type":"page","link":"https:\/\/startupbutler.ch\/fr\/valiant\/les-formes-juridiques\/","title":{"rendered":"Les formes juridiques"},"content":{"rendered":"<p>[et_pb_section fb_built=\u00a0\u00bb1&Prime; admin_label=\u00a0\u00bbStartupButler Header\u00a0\u00bb _builder_version=\u00a0\u00bb4.4.8&Prime; background_color=\u00a0\u00bb#f3f3f3&Prime;][et_pb_row column_structure=\u00a0\u00bb3_5,2_5&Prime; _builder_version=\u00a0\u00bb4.4.8&Prime; custom_padding=\u00a0\u00bb15px||15px||false|false\u00a0\u00bb][et_pb_column type=\u00a0\u00bb3_5&Prime; _builder_version=\u00a0\u00bb4.4.8&Prime;][et_pb_text admin_label=\u00a0\u00bbProfessionell. Preiswert. Transparent.\u00a0\u00bb _builder_version=\u00a0\u00bb4.4.8&Prime; text_font=\u00a0\u00bbNumans|700|||||||\u00a0\u00bb text_text_color=\u00a0\u00bb#004350&Prime; text_font_size=\u00a0\u00bb1.5em\u00a0\u00bb custom_margin=\u00a0\u00bb20px||||false|false\u00a0\u00bb]<\/p>\n<p>Professionnel. Economique. Transparente.<\/p>\n<p>[\/et_pb_text][\/et_pb_column][et_pb_column type=\u00a0\u00bb2_5&Prime; _builder_version=\u00a0\u00bb4.4.8&Prime;][et_pb_image src=\u00a0\u00bbhttps:\/\/startupbutler.ch\/wp-content\/uploads\/2020\/06\/StartupButler_586x100.png\u00a0\u00bb title_text=\u00a0\u00bbStartupButler_586x100&Prime; admin_label=\u00a0\u00bbLogo StartupButler\u00a0\u00bb _builder_version=\u00a0\u00bb4.4.8&Prime; module_alignment=\u00a0\u00bbright\u00a0\u00bb max_height=\u00a0\u00bb60px\u00a0\u00bb][\/et_pb_image][\/et_pb_column][\/et_pb_row][\/et_pb_section][et_pb_section fb_built=\u00a0\u00bb1&Prime; admin_label=\u00a0\u00bbNavigation Valiant\u00a0\u00bb _builder_version=\u00a0\u00bb4.4.8&Prime; border_width_bottom=\u00a0\u00bb1px\u00a0\u00bb border_color_bottom=\u00a0\u00bb#004350&Prime; global_module=\u00a0\u00bb1016&Prime; saved_tabs=\u00a0\u00bball\u00a0\u00bb][et_pb_row column_structure=\u00a0\u00bb3_4,1_4&Prime; _builder_version=\u00a0\u00bb4.4.8&Prime;][et_pb_column type=\u00a0\u00bb3_4&Prime; _builder_version=\u00a0\u00bb4.4.8&Prime;][et_pb_menu menu_id=\u00a0\u00bb21&Prime; active_link_color=\u00a0\u00bb#fa003b\u00a0\u00bb logo_max_height=\u00a0\u00bb50px\u00a0\u00bb admin_label=\u00a0\u00bbMenu Valiant\u00a0\u00bb _builder_version=\u00a0\u00bb4.4.8&Prime; menu_font=\u00a0\u00bb|600|||||||\u00a0\u00bb menu_text_color=\u00a0\u00bb#fa003b\u00a0\u00bb menu_font_size=\u00a0\u00bb1.4em\u00a0\u00bb custom_margin=\u00a0\u00bb25px||20px||false|false\u00a0\u00bb][\/et_pb_menu][\/et_pb_column][et_pb_column type=\u00a0\u00bb1_4&Prime; _builder_version=\u00a0\u00bb4.4.8&Prime;][et_pb_text disabled_on=\u00a0\u00bboff|off|off\u00a0\u00bb admin_label=\u00a0\u00bbIn Kooperation mit\u00a0\u00bb _builder_version=\u00a0\u00bb4.4.8&Prime; text_font_size=\u00a0\u00bb1.2em\u00a0\u00bb text_line_height=\u00a0\u00bb1em\u00a0\u00bb module_alignment=\u00a0\u00bbleft\u00a0\u00bb custom_margin=\u00a0\u00bb5px||5px||false|false\u00a0\u00bb custom_padding=\u00a0\u00bb5px||5px||false|false\u00a0\u00bb]<span style=\"margin-bottom: 0px !important;\">en partenariat avec<\/span>[\/et_pb_text][et_pb_image src=\u00a0\u00bbhttps:\/\/startupbutler.ch\/wp-content\/uploads\/2020\/12\/valiant-8.png\u00a0\u00bb title_text=\u00a0\u00bbvaliant-8&Prime; url=\u00a0\u00bbhttps:\/\/www.valiant.ch\/entreprises\u00a0\u00bb url_new_window=\u00a0\u00bbon\u00a0\u00bb show_bottom_space=\u00a0\u00bboff\u00a0\u00bb admin_label=\u00a0\u00bbLogo Valiant\u00a0\u00bb _builder_version=\u00a0\u00bb4.4.8&Prime; custom_margin=\u00a0\u00bb||10px||false|false\u00a0\u00bb][\/et_pb_image][\/et_pb_column][\/et_pb_row][\/et_pb_section][et_pb_section fb_built=\u00a0\u00bb1&Prime; admin_label=\u00a0\u00bbsection\u00a0\u00bb _builder_version=\u00a0\u00bb3.22&Prime;][et_pb_row admin_label=\u00a0\u00bbrow\u00a0\u00bb _builder_version=\u00a0\u00bb3.25&Prime; background_size=\u00a0\u00bbinitial\u00a0\u00bb background_position=\u00a0\u00bbtop_left\u00a0\u00bb background_repeat=\u00a0\u00bbrepeat\u00a0\u00bb][et_pb_column type=\u00a0\u00bb4_4&Prime; _builder_version=\u00a0\u00bb3.25&Prime; custom_padding=\u00a0\u00bb|||\u00a0\u00bb custom_padding__hover=\u00a0\u00bb|||\u00a0\u00bb][et_pb_divider show_divider=\u00a0\u00bboff\u00a0\u00bb _builder_version=\u00a0\u00bb4.4.8&Prime;][\/et_pb_divider][et_pb_text _builder_version=\u00a0\u00bb4.4.8&Prime; background_size=\u00a0\u00bbinitial\u00a0\u00bb background_position=\u00a0\u00bbtop_left\u00a0\u00bb background_repeat=\u00a0\u00bbrepeat\u00a0\u00bb module_alignment=\u00a0\u00bbleft\u00a0\u00bb use_border_color=\u00a0\u00bboff\u00a0\u00bb]<\/p>\n<h1>Les formes juridiques<\/h1>\n<p>Les formes juridiques les plus courantes en Suisse sont la soci\u00e9t\u00e9 anonyme (SA), la Soci\u00e9t\u00e9 \u00e0 responsabilit\u00e9 limit\u00e9e (S\u00e0rl), l\u2019entreprise individuelle et la soci\u00e9t\u00e9 en nom collectif (SNC). Le tableau suivant vous indique les principales diff\u00e9rences.<\/p>\n<p>[\/et_pb_text][et_pb_text disabled_on=\u00a0\u00bboff|off|off\u00a0\u00bb _builder_version=\u00a0\u00bb4.4.8&Prime; background_size=\u00a0\u00bbinitial\u00a0\u00bb background_position=\u00a0\u00bbtop_left\u00a0\u00bb background_repeat=\u00a0\u00bbrepeat\u00a0\u00bb module_alignment=\u00a0\u00bbleft\u00a0\u00bb border_style=\u00a0\u00bbsolid\u00a0\u00bb]<\/p>\n<p>&nbsp;<\/p>\n<table class=\"table table-striped\" style=\"width: 100%;\">\n<thead>\n<tr>\n<th style=\"width: 13.125%;\">\u00a0<\/th>\n<th style=\"text-align: center; width: 20.9375%;\">S\u00c0RL<\/th>\n<th style=\"text-align: center; width: 19.8438%;\">SA<\/th>\n<th style=\"text-align: center; width: 21.7188%;\">ENTREPRISE INDIVIDUELLE<\/th>\n<th style=\"text-align: center; width: 22.3438%;\">SOCI\u00c9T\u00c9 EN NOM COLLECTIF<\/th>\n<\/tr>\n<\/thead>\n<tbody>\n<tr>\n<td valign=\"top\">Capital<\/td>\n<td style=\"text-align: left;\" valign=\"top\">Min. 20 000.- CHF<\/td>\n<td style=\"text-align: left;\" valign=\"top\">Min. 100 000.- CHF (dont au moins 50 000.- CHF lib\u00e9r\u00e9s)<\/td>\n<td style=\"text-align: left;\" valign=\"top\">Pas de capital investi<\/td>\n<td style=\"text-align: left;\" valign=\"top\">Pas de capital investi<\/td>\n<\/tr>\n<tr>\n<td valign=\"top\">Responsabilit\u00e9<\/td>\n<td style=\"text-align: left;\" valign=\"top\">Pas de responsabilit\u00e9 personnelle<\/td>\n<td style=\"text-align: left;\" valign=\"top\">Pas de responsabilit\u00e9 personnelle<\/td>\n<td style=\"text-align: left;\" valign=\"top\">Responsabilit\u00e9 personnelle et illimit\u00e9e<\/td>\n<td style=\"text-align: left;\" valign=\"top\">Responsabilit\u00e9 personnelle et illimit\u00e9e<\/td>\n<\/tr>\n<tr>\n<td>Nom<\/td>\n<td style=\"text-align: left;\">\u00abNom de fantaisie\u00bb + S\u00e0rl<\/td>\n<td style=\"text-align: left;\">\u00abNom de fantaisie\u00bb + SA<\/td>\n<td style=\"text-align: left;\">\u00abNom de fantaisie\u00bb + nom de famille<\/td>\n<td style=\"text-align: left;\">\u00abNom de fantaisie\u00bb + SNC<\/td>\n<\/tr>\n<tr>\n<td>Nombre de personnes<\/td>\n<td style=\"text-align: left;\">Min. 1 personne<\/td>\n<td style=\"text-align: left;\">Min. 1 personne<\/td>\n<td style=\"text-align: left;\">1 personne<\/td>\n<td style=\"text-align: left;\">Min. 2 personnes<\/td>\n<\/tr>\n<tr>\n<td valign=\"top\">Comptabilit\u00e9<\/td>\n<td style=\"text-align: left;\" valign=\"top\">Toujours comptabilit\u00e9 en partie double<\/td>\n<td style=\"text-align: left;\" valign=\"top\">Toujours comptabilit\u00e9 en partie double<\/td>\n<td style=\"text-align: left;\" valign=\"top\">Comptabilit\u00e9 en partie double \u00e0 partir d\u2019un chiffre d\u2019affaires de 500 000.- CHF<\/td>\n<td style=\"text-align: left;\" valign=\"top\">Comptabilit\u00e9 en partie double \u00e0 partir d\u2019un chiffre d\u2019affaires de 500 000.- CHF<\/td>\n<\/tr>\n<tr>\n<td>Participation<\/td>\n<td style=\"text-align: left;\" valign=\"top\">Possible<\/td>\n<td style=\"text-align: left;\" valign=\"top\">Possible<\/td>\n<td style=\"text-align: left;\" valign=\"top\">Impossible<\/td>\n<td style=\"text-align: left;\" valign=\"top\">Possible<\/td>\n<\/tr>\n<tr>\n<td valign=\"top\">Imp\u00f4ts<\/td>\n<td style=\"text-align: left;\" valign=\"top\">D\u00e9claration d\u2019imp\u00f4ts s\u00e9par\u00e9e; seulement les parts sociales dans la d\u00e9claration d\u2019imp\u00f4ts priv\u00e9e<\/td>\n<td style=\"text-align: left;\" valign=\"top\">D\u00e9claration d\u2019imp\u00f4ts s\u00e9par\u00e9e; seulement les actions dans la d\u00e9claration d\u2019imp\u00f4ts priv\u00e9e<\/td>\n<td style=\"text-align: left;\" valign=\"top\">Imp\u00f4t sur le b\u00e9n\u00e9fice dans la d\u00e9claration d\u2019imp\u00f4ts priv\u00e9e<\/td>\n<td style=\"text-align: left;\" valign=\"top\">Imp\u00f4t sur le b\u00e9n\u00e9fice dans les d\u00e9clarations d\u2019imp\u00f4ts priv\u00e9es<\/td>\n<\/tr>\n<tr>\n<td valign=\"top\">AVS<\/td>\n<td style=\"text-align: left;\">Le salaire est d\u00e9terminant<\/td>\n<td style=\"text-align: left;\">Le salaire est d\u00e9terminant<\/td>\n<td style=\"text-align: left;\">Le b\u00e9n\u00e9fice est d\u00e9terminant<\/td>\n<td style=\"text-align: left;\">Le b\u00e9n\u00e9fice est d\u00e9terminant<\/td>\n<\/tr>\n<tr>\n<td valign=\"top\">Avantages<\/td>\n<td style=\"text-align: left;\" valign=\"top\">\n<ul>\n<li>Pas de responsabilit\u00e9<\/li>\n<li>Transmission de la soci\u00e9t\u00e9 possible<\/li>\n<li>Capital minimum faible<\/li>\n<\/ul>\n<\/td>\n<td style=\"text-align: left;\" valign=\"top\">\n<ul>\n<li>Pas de responsabilit\u00e9<\/li>\n<li>Transmission de la soci\u00e9t\u00e9 possible<\/li>\n<li>Anonymat<\/li>\n<li>tr\u00e8s accept\u00e9e<\/li>\n<\/ul>\n<\/td>\n<td style=\"text-align: left;\" valign=\"top\">\n<ul>\n<li>cr\u00e9ation peu on\u00e9reuse<\/li>\n<li>pas besoin de capital<\/li>\n<li>possibilit\u00e9 de retirer l\u2019argent de la caisse de pension<\/li>\n<\/ul>\n<\/td>\n<td style=\"text-align: left;\" valign=\"top\">\n<ul>\n<li>cr\u00e9ation peu on\u00e9reuse<\/li>\n<li>pas besoin de capital<\/li>\n<li>possibilit\u00e9 de retirer l\u2019argent de la caisse de pension<\/li>\n<\/ul>\n<\/td>\n<\/tr>\n<tr>\n<td valign=\"top\">Inconv\u00e9nients<\/td>\n<td style=\"text-align: left;\" valign=\"top\">\n<ul>\n<li>pas d\u2019anonymat<\/li>\n<li>moins accept\u00e9e que SA<\/li>\n<li>double imposition<\/li>\n<\/ul>\n<\/td>\n<td style=\"text-align: left;\" valign=\"top\">\n<ul>\n<li>besoins en capitaux \u00e9lev\u00e9s<\/li>\n<li>double imposition<\/li>\n<\/ul>\n<\/td>\n<td style=\"text-align: left;\" valign=\"top\">\n<ul>\n<li>responsabilit\u00e9 personnelle<\/li>\n<li>transmission impossible<\/li>\n<li>pas de possibilit\u00e9 de retirer l\u2019argent de l\u2019AVS<\/li>\n<\/ul>\n<\/td>\n<td style=\"text-align: left;\" valign=\"top\">\n<ul>\n<li>responsabilit\u00e9 personnelle<\/li>\n<li>pas de possibilit\u00e9 de retirer l\u2019argent de l\u2019AVS<\/li>\n<\/ul>\n<\/td>\n<\/tr>\n<\/tbody>\n<\/table>\n<p>&nbsp;<\/p>\n<p>[\/et_pb_text][\/et_pb_column][\/et_pb_row][\/et_pb_section][et_pb_section fb_built=\u00a0\u00bb1&Prime; admin_label=\u00a0\u00bbStartupButler Footer\u00a0\u00bb _builder_version=\u00a0\u00bb4.4.8&Prime; background_color=\u00a0\u00bb#f3f3f3&Prime; border_width_top=\u00a0\u00bb1px\u00a0\u00bb border_color_top=\u00a0\u00bb#004350&Prime;][et_pb_row column_structure=\u00a0\u00bb3_5,2_5&Prime; _builder_version=\u00a0\u00bb4.4.8&Prime; custom_padding=\u00a0\u00bb15px||15px||false|false\u00a0\u00bb][et_pb_column type=\u00a0\u00bb3_5&Prime; _builder_version=\u00a0\u00bb4.4.8&Prime;][et_pb_text admin_label=\u00a0\u00bbProfessionell. Preiswert. Transparent.\u00a0\u00bb _builder_version=\u00a0\u00bb4.4.8&Prime; text_font=\u00a0\u00bbNumans|700|||||||\u00a0\u00bb text_text_color=\u00a0\u00bb#004350&Prime; text_font_size=\u00a0\u00bb1.5em\u00a0\u00bb custom_margin=\u00a0\u00bb10px||0px||false|false\u00a0\u00bb]Professionnel. Economique. Transparent.[\/et_pb_text][et_pb_text admin_label=\u00a0\u00bbAGB DSB Impressum\u00a0\u00bb _builder_version=\u00a0\u00bb4.4.8&Prime; text_font=\u00a0\u00bb|600|||||||\u00a0\u00bb text_font_size=\u00a0\u00bb1.3rem\u00a0\u00bb]<a id=\"overlay_unique_id_1224\"style= \"font-size: 1.2rem; color: #777777; cursor: pointer;\">CGV<\/a> | <a id=\"overlay_unique_id_1231\"style= \"font-size: 1.2rem; color: #777777; cursor: pointer;\">Avis de confidentialit\u00e9<\/a> | <a id=\"overlay_unique_id_1232\"style= \"font-size: 1.2rem; color: #777777; cursor: pointer;\">Impressum<\/a> | <a href=\"javascript: Cookiebot.renew()\"style= \"font-size: 1.2rem; color: #777777; cursor: pointer;\">Cookie-Consent<\/a>[\/et_pb_text][\/et_pb_column][et_pb_column type=\u00a0\u00bb2_5&Prime; _builder_version=\u00a0\u00bb4.4.8&Prime;][et_pb_image src=\u00a0\u00bbhttps:\/\/startupbutler.ch\/wp-content\/uploads\/2020\/06\/StartupButler_586x100.png\u00a0\u00bb title_text=\u00a0\u00bbStartupButler_586x100&Prime; admin_label=\u00a0\u00bbLogo StartupButler\u00a0\u00bb _builder_version=\u00a0\u00bb4.4.8&Prime; module_alignment=\u00a0\u00bbright\u00a0\u00bb max_height=\u00a0\u00bb60px\u00a0\u00bb][\/et_pb_image][\/et_pb_column][\/et_pb_row][\/et_pb_section]<\/p>\n","protected":false},"excerpt":{"rendered":"<p>Professionnel. Economique. Transparente.en partenariat avecLes formes juridiques Les formes juridiques les plus courantes en Suisse sont la soci\u00e9t\u00e9 anonyme (SA), la Soci\u00e9t\u00e9 \u00e0 responsabilit\u00e9 limit\u00e9e (S\u00e0rl), l\u2019entreprise individuelle et la soci\u00e9t\u00e9 en nom collectif (SNC). Le tableau suivant vous indique les principales diff\u00e9rences.&nbsp; \u00a0 S\u00c0RL SA ENTREPRISE INDIVIDUELLE SOCI\u00c9T\u00c9 EN NOM COLLECTIF Capital Min. 20 [&hellip;]<\/p>\n","protected":false},"author":2,"featured_media":0,"parent":1247,"menu_order":0,"comment_status":"closed","ping_status":"closed","template":"page-template-blank.php","meta":{"_acf_changed":false,"_et_pb_use_builder":"on","_et_pb_old_content":"","_et_gb_content_width":"","footnotes":""},"class_list":["post-1269","page","type-page","status-publish","hentry"],"acf":[],"_links":{"self":[{"href":"https:\/\/startupbutler.ch\/fr\/wp-json\/wp\/v2\/pages\/1269","targetHints":{"allow":["GET"]}}],"collection":[{"href":"https:\/\/startupbutler.ch\/fr\/wp-json\/wp\/v2\/pages"}],"about":[{"href":"https:\/\/startupbutler.ch\/fr\/wp-json\/wp\/v2\/types\/page"}],"author":[{"embeddable":true,"href":"https:\/\/startupbutler.ch\/fr\/wp-json\/wp\/v2\/users\/2"}],"replies":[{"embeddable":true,"href":"https:\/\/startupbutler.ch\/fr\/wp-json\/wp\/v2\/comments?post=1269"}],"version-history":[{"count":1,"href":"https:\/\/startupbutler.ch\/fr\/wp-json\/wp\/v2\/pages\/1269\/revisions"}],"predecessor-version":[{"id":1270,"href":"https:\/\/startupbutler.ch\/fr\/wp-json\/wp\/v2\/pages\/1269\/revisions\/1270"}],"up":[{"embeddable":true,"href":"https:\/\/startupbutler.ch\/fr\/wp-json\/wp\/v2\/pages\/1247"}],"wp:attachment":[{"href":"https:\/\/startupbutler.ch\/fr\/wp-json\/wp\/v2\/media?parent=1269"}],"curies":[{"name":"wp","href":"https:\/\/api.w.org\/{rel}","templated":true}]}}